{"id":2871,"date":"2025-12-05T15:49:24","date_gmt":"2025-12-05T14:49:24","guid":{"rendered":"https:\/\/ajoblancorestaurant.com\/?page_id=2871"},"modified":"2025-12-05T15:49:25","modified_gmt":"2025-12-05T14:49:25","slug":"nochevieja","status":"publish","type":"page","link":"https:\/\/ajoblancorestaurant.com\/ca\/nochevieja\/","title":{"rendered":"Nochevieja"},"content":{"rendered":"<div class=\"wp-block-image\">\n<figure class=\"aligncenter size-large\"><img loading=\"lazy\" decoding=\"async\" width=\"576\" height=\"1024\" src=\"https:\/\/ajoblancorestaurant.com\/wp-content\/uploads\/2025\/12\/Historia-fin-de-ano-2025-Ajoblanco-576x1024.png\" alt=\"\" class=\"wp-image-2851\" srcset=\"https:\/\/ajoblancorestaurant.com\/wp-content\/uploads\/2025\/12\/Historia-fin-de-ano-2025-Ajoblanco-576x1024.png 576w, https:\/\/ajoblancorestaurant.com\/wp-content\/uploads\/2025\/12\/Historia-fin-de-ano-2025-Ajoblanco-169x300.png 169w, https:\/\/ajoblancorestaurant.com\/wp-content\/uploads\/2025\/12\/Historia-fin-de-ano-2025-Ajoblanco-768x1365.png 768w, https:\/\/ajoblancorestaurant.com\/wp-content\/uploads\/2025\/12\/Historia-fin-de-ano-2025-Ajoblanco-864x1536.png 864w, https:\/\/ajoblancorestaurant.com\/wp-content\/uploads\/2025\/12\/Historia-fin-de-ano-2025-Ajoblanco.png 1080w\" sizes=\"auto, (max-width: 576px) 100vw, 576px\" \/><\/figure>\n<\/div>\n\n\n<p><\/p>\n\n\n\n<p>\u00a12026 empi\u00e9zalo en el Ajo Tenemos preparada una Nochevieja memorable. Una propuesta gastron\u00f3mica completa, cuidada al detalle y pensada para celebrar por todo lo alto. Incluye una selecci\u00f3n de vinos y cava, una copa, uvas de la suerte y cotill\u00f3n. <\/p>\n\n\n\n<p>Durante la cena podr\u00e1s disfrutar de actuaciones en vivo y DJ, para que la noche sea realmente inolvidable\u2026 \u00a1La noche seguir\u00e1 hasta las 05:00h!<\/p>\n\n\n\n<p>Despide el a\u00f1o y da la bienvenida al nuevo de una forma elegante, cercana, festiva y con mucho estilo.<\/p>\n\n\n\n<p>\u00a1Te esperamos en el Ajo!<\/p>\n\n\n\n<div class=\"wp-block-buttons is-content-justification-center is-layout-flex wp-container-core-buttons-is-layout-16018d1d wp-block-buttons-is-layout-flex\">\n<div class=\"wp-block-button\"><a class=\"wp-block-button__link wp-element-button\">Reserva aqu\u00ed <\/a><\/div>\n<\/div>\n\n\n\n<p><\/p>\n","protected":false},"excerpt":{"rendered":"<p>\u00a12026 empi\u00e9zalo en el Ajo Tenemos preparada una Nochevieja memorable. Una propuesta gastron\u00f3mica completa, cuidada al detalle y pensada para celebrar por todo lo alto. Incluye una selecci\u00f3n de vinos y cava, una copa, uvas de la suerte y cotill\u00f3n. Durante la cena podr\u00e1s disfrutar de actuaciones en vivo y DJ, para que la noche [&hellip;]<\/p>\n","protected":false},"author":1,"featured_media":2899,"parent":0,"menu_order":0,"comment_status":"closed","ping_status":"closed","template":"plantilla.php","meta":{"_joinchat":[],"footnotes":""},"class_list":["post-2871","page","type-page","status-publish","has-post-thumbnail","hentry"],"yoast_head":"<!-- This site is optimized with the Yoast SEO plugin v23.7 - https:\/\/yoast.com\/wordpress\/plugins\/seo\/ -->\n<title>Nochevieja - Ajoblanco<\/title>\n<meta name=\"robots\" content=\"index, follow, max-snippet:-1, max-image-preview:large, max-video-preview:-1\" \/>\n<link rel=\"canonical\" href=\"https:\/\/ajoblancorestaurant.com\/ca\/nochevieja\/\" \/>\n<meta property=\"og:locale\" content=\"ca_ES\" \/>\n<meta property=\"og:type\" content=\"article\" \/>\n<meta property=\"og:title\" content=\"Nochevieja - Ajoblanco\" \/>\n<meta property=\"og:description\" content=\"\u00a12026 empi\u00e9zalo en el Ajo Tenemos preparada una Nochevieja memorable. Una propuesta gastron\u00f3mica completa, cuidada al detalle y pensada para celebrar por todo lo alto. Incluye una selecci\u00f3n de vinos y cava, una copa, uvas de la suerte y cotill\u00f3n. Durante la cena podr\u00e1s disfrutar de actuaciones en vivo y DJ, para que la noche [&hellip;]\" \/>\n<meta property=\"og:url\" content=\"https:\/\/ajoblancorestaurant.com\/ca\/nochevieja\/\" \/>\n<meta property=\"og:site_name\" content=\"Ajoblanco\" \/>\n<meta property=\"article:modified_time\" content=\"2025-12-05T14:49:25+00:00\" \/>\n<meta property=\"og:image\" content=\"https:\/\/ajoblancorestaurant.com\/wp-content\/uploads\/2025\/12\/Historia-fin-de-ano-2025-Ajoblanco-576x1024.png\" \/>\n\t<meta property=\"og:image:width\" content=\"576\" \/>\n\t<meta property=\"og:image:height\" content=\"1024\" \/>\n\t<meta property=\"og:image:type\" content=\"image\/png\" \/>\n<meta name=\"twitter:card\" content=\"summary_large_image\" \/>\n<meta name=\"twitter:label1\" content=\"Temps estimat de lectura\" \/>\n\t<meta name=\"twitter:data1\" content=\"1 minut\" \/>\n<script type=\"application\/ld+json\" class=\"yoast-schema-graph\">{\"@context\":\"https:\/\/schema.org\",\"@graph\":[{\"@type\":\"WebPage\",\"@id\":\"https:\/\/ajoblancorestaurant.com\/ca\/nochevieja\/\",\"url\":\"https:\/\/ajoblancorestaurant.com\/ca\/nochevieja\/\",\"name\":\"Nochevieja - Ajoblanco\",\"isPartOf\":{\"@id\":\"https:\/\/ajoblancorestaurant.com\/#website\"},\"primaryImageOfPage\":{\"@id\":\"https:\/\/ajoblancorestaurant.com\/ca\/nochevieja\/#primaryimage\"},\"image\":{\"@id\":\"https:\/\/ajoblancorestaurant.com\/ca\/nochevieja\/#primaryimage\"},\"thumbnailUrl\":\"https:\/\/ajoblancorestaurant.com\/wp-content\/uploads\/2025\/12\/DSC06852-scaled.jpg\",\"datePublished\":\"2025-12-05T14:49:24+00:00\",\"dateModified\":\"2025-12-05T14:49:25+00:00\",\"breadcrumb\":{\"@id\":\"https:\/\/ajoblancorestaurant.com\/ca\/nochevieja\/#breadcrumb\"},\"inLanguage\":\"ca\",\"potentialAction\":[{\"@type\":\"ReadAction\",\"target\":[\"https:\/\/ajoblancorestaurant.com\/ca\/nochevieja\/\"]}]},{\"@type\":\"ImageObject\",\"inLanguage\":\"ca\",\"@id\":\"https:\/\/ajoblancorestaurant.com\/ca\/nochevieja\/#primaryimage\",\"url\":\"https:\/\/ajoblancorestaurant.com\/wp-content\/uploads\/2025\/12\/DSC06852-scaled.jpg\",\"contentUrl\":\"https:\/\/ajoblancorestaurant.com\/wp-content\/uploads\/2025\/12\/DSC06852-scaled.jpg\",\"width\":1440,\"height\":2560},{\"@type\":\"BreadcrumbList\",\"@id\":\"https:\/\/ajoblancorestaurant.com\/ca\/nochevieja\/#breadcrumb\",\"itemListElement\":[{\"@type\":\"ListItem\",\"position\":1,\"name\":\"Portada\",\"item\":\"https:\/\/ajoblancorestaurant.com\/ca\/\"},{\"@type\":\"ListItem\",\"position\":2,\"name\":\"Nochevieja\"}]},{\"@type\":\"WebSite\",\"@id\":\"https:\/\/ajoblancorestaurant.com\/#website\",\"url\":\"https:\/\/ajoblancorestaurant.com\/\",\"name\":\"Ajoblanco\",\"description\":\"Cocteler\u00eda &amp; Restaurante\",\"publisher\":{\"@id\":\"https:\/\/ajoblancorestaurant.com\/#organization\"},\"potentialAction\":[{\"@type\":\"SearchAction\",\"target\":{\"@type\":\"EntryPoint\",\"urlTemplate\":\"https:\/\/ajoblancorestaurant.com\/?s={search_term_string}\"},\"query-input\":{\"@type\":\"PropertyValueSpecification\",\"valueRequired\":true,\"valueName\":\"search_term_string\"}}],\"inLanguage\":\"ca\"},{\"@type\":\"Organization\",\"@id\":\"https:\/\/ajoblancorestaurant.com\/#organization\",\"name\":\"Ajoblanco Restaurant\",\"url\":\"https:\/\/ajoblancorestaurant.com\/\",\"logo\":{\"@type\":\"ImageObject\",\"inLanguage\":\"ca\",\"@id\":\"https:\/\/ajoblancorestaurant.com\/#\/schema\/logo\/image\/\",\"url\":\"https:\/\/ajoblancorestaurant.com\/wp-content\/uploads\/2026\/01\/Isotipo-Ajoblanco-A.jpg\",\"contentUrl\":\"https:\/\/ajoblancorestaurant.com\/wp-content\/uploads\/2026\/01\/Isotipo-Ajoblanco-A.jpg\",\"width\":512,\"height\":512,\"caption\":\"Ajoblanco Restaurant\"},\"image\":{\"@id\":\"https:\/\/ajoblancorestaurant.com\/#\/schema\/logo\/image\/\"}}]}<\/script>\n<!-- \/ Yoast SEO plugin. -->","yoast_head_json":{"title":"Nochevieja - Ajoblanco","robots":{"index":"index","follow":"follow","max-snippet":"max-snippet:-1","max-image-preview":"max-image-preview:large","max-video-preview":"max-video-preview:-1"},"canonical":"https:\/\/ajoblancorestaurant.com\/ca\/nochevieja\/","og_locale":"ca_ES","og_type":"article","og_title":"Nochevieja - Ajoblanco","og_description":"\u00a12026 empi\u00e9zalo en el Ajo Tenemos preparada una Nochevieja memorable. Una propuesta gastron\u00f3mica completa, cuidada al detalle y pensada para celebrar por todo lo alto. Incluye una selecci\u00f3n de vinos y cava, una copa, uvas de la suerte y cotill\u00f3n. Durante la cena podr\u00e1s disfrutar de actuaciones en vivo y DJ, para que la noche [&hellip;]","og_url":"https:\/\/ajoblancorestaurant.com\/ca\/nochevieja\/","og_site_name":"Ajoblanco","article_modified_time":"2025-12-05T14:49:25+00:00","og_image":[{"width":576,"height":1024,"url":"https:\/\/ajoblancorestaurant.com\/wp-content\/uploads\/2025\/12\/Historia-fin-de-ano-2025-Ajoblanco-576x1024.png","type":"image\/png"}],"twitter_card":"summary_large_image","twitter_misc":{"Temps estimat de lectura":"1 minut"},"schema":{"@context":"https:\/\/schema.org","@graph":[{"@type":"WebPage","@id":"https:\/\/ajoblancorestaurant.com\/ca\/nochevieja\/","url":"https:\/\/ajoblancorestaurant.com\/ca\/nochevieja\/","name":"Nochevieja - Ajoblanco","isPartOf":{"@id":"https:\/\/ajoblancorestaurant.com\/#website"},"primaryImageOfPage":{"@id":"https:\/\/ajoblancorestaurant.com\/ca\/nochevieja\/#primaryimage"},"image":{"@id":"https:\/\/ajoblancorestaurant.com\/ca\/nochevieja\/#primaryimage"},"thumbnailUrl":"https:\/\/ajoblancorestaurant.com\/wp-content\/uploads\/2025\/12\/DSC06852-scaled.jpg","datePublished":"2025-12-05T14:49:24+00:00","dateModified":"2025-12-05T14:49:25+00:00","breadcrumb":{"@id":"https:\/\/ajoblancorestaurant.com\/ca\/nochevieja\/#breadcrumb"},"inLanguage":"ca","potentialAction":[{"@type":"ReadAction","target":["https:\/\/ajoblancorestaurant.com\/ca\/nochevieja\/"]}]},{"@type":"ImageObject","inLanguage":"ca","@id":"https:\/\/ajoblancorestaurant.com\/ca\/nochevieja\/#primaryimage","url":"https:\/\/ajoblancorestaurant.com\/wp-content\/uploads\/2025\/12\/DSC06852-scaled.jpg","contentUrl":"https:\/\/ajoblancorestaurant.com\/wp-content\/uploads\/2025\/12\/DSC06852-scaled.jpg","width":1440,"height":2560},{"@type":"BreadcrumbList","@id":"https:\/\/ajoblancorestaurant.com\/ca\/nochevieja\/#breadcrumb","itemListElement":[{"@type":"ListItem","position":1,"name":"Portada","item":"https:\/\/ajoblancorestaurant.com\/ca\/"},{"@type":"ListItem","position":2,"name":"Nochevieja"}]},{"@type":"WebSite","@id":"https:\/\/ajoblancorestaurant.com\/#website","url":"https:\/\/ajoblancorestaurant.com\/","name":"Ajoblanco","description":"Cocteler\u00eda &amp; Restaurante","publisher":{"@id":"https:\/\/ajoblancorestaurant.com\/#organization"},"potentialAction":[{"@type":"SearchAction","target":{"@type":"EntryPoint","urlTemplate":"https:\/\/ajoblancorestaurant.com\/?s={search_term_string}"},"query-input":{"@type":"PropertyValueSpecification","valueRequired":true,"valueName":"search_term_string"}}],"inLanguage":"ca"},{"@type":"Organization","@id":"https:\/\/ajoblancorestaurant.com\/#organization","name":"Ajoblanco Restaurant","url":"https:\/\/ajoblancorestaurant.com\/","logo":{"@type":"ImageObject","inLanguage":"ca","@id":"https:\/\/ajoblancorestaurant.com\/#\/schema\/logo\/image\/","url":"https:\/\/ajoblancorestaurant.com\/wp-content\/uploads\/2026\/01\/Isotipo-Ajoblanco-A.jpg","contentUrl":"https:\/\/ajoblancorestaurant.com\/wp-content\/uploads\/2026\/01\/Isotipo-Ajoblanco-A.jpg","width":512,"height":512,"caption":"Ajoblanco Restaurant"},"image":{"@id":"https:\/\/ajoblancorestaurant.com\/#\/schema\/logo\/image\/"}}]}},"_links":{"self":[{"href":"https:\/\/ajoblancorestaurant.com\/ca\/wp-json\/wp\/v2\/pages\/2871","targetHints":{"allow":["GET"]}}],"collection":[{"href":"https:\/\/ajoblancorestaurant.com\/ca\/wp-json\/wp\/v2\/pages"}],"about":[{"href":"https:\/\/ajoblancorestaurant.com\/ca\/wp-json\/wp\/v2\/types\/page"}],"author":[{"embeddable":true,"href":"https:\/\/ajoblancorestaurant.com\/ca\/wp-json\/wp\/v2\/users\/1"}],"replies":[{"embeddable":true,"href":"https:\/\/ajoblancorestaurant.com\/ca\/wp-json\/wp\/v2\/comments?post=2871"}],"version-history":[{"count":1,"href":"https:\/\/ajoblancorestaurant.com\/ca\/wp-json\/wp\/v2\/pages\/2871\/revisions"}],"predecessor-version":[{"id":2872,"href":"https:\/\/ajoblancorestaurant.com\/ca\/wp-json\/wp\/v2\/pages\/2871\/revisions\/2872"}],"wp:featuredmedia":[{"embeddable":true,"href":"https:\/\/ajoblancorestaurant.com\/ca\/wp-json\/wp\/v2\/media\/2899"}],"wp:attachment":[{"href":"https:\/\/ajoblancorestaurant.com\/ca\/wp-json\/wp\/v2\/media?parent=2871"}],"curies":[{"name":"wp","href":"https:\/\/api.w.org\/{rel}","templated":true}]}}