{"id":761,"date":"2021-11-25T20:25:41","date_gmt":"2021-11-25T19:25:41","guid":{"rendered":"https:\/\/ajoblancorestaurant.com\/ajoblanco-restaurant\/"},"modified":"2025-12-05T12:43:57","modified_gmt":"2025-12-05T11:43:57","slug":"ajoblanco-restaurant","status":"publish","type":"page","link":"https:\/\/ajoblancorestaurant.com\/ca\/","title":{"rendered":"Ajoblanco Restaurant"},"content":{"rendered":"\n<h1 class=\"wp-block-heading\">Restaurant &amp; Cocteleria<\/h1>\n\n\n\n<p>Ajoblanco \u00e9s cuina d&#8217;autor; \u00e9s cocteleria; \u00e9s m\u00fasica; \u00e9s sofisticaci\u00f3; \u00e9s el teu punt de trobada.<\/p>\n\n\n\n<p>Un restaurant on podeu gaudir d&#8217;uns c\u00f2ctels o vins a les sis de la tarda; on et pots quedar a sopar i compartir platets d&#8217;autor i de temporada; i on podeu acabar la nit amb uns glops perfectament elaborats al ritme de bona m\u00fasica Dj en viu.<\/p>\n\n\n\n<p>Un aut\u00e8ntic viatge culinari pel mediterrani i el nord d\u00b4Europa.<\/p>\n\n\n\n<p><a href=\"https:\/\/www.covermanager.com\/reservation\/module_restaurant\/restaurante-ajo-blanco\/spanish?source=Web\" target=\"_blank\" rel=\"noreferrer noopener\">Reserva<\/a><\/p>\n","protected":false},"excerpt":{"rendered":"<p>Restaurant &amp; Cocteleria Ajoblanco \u00e9s cuina d&#8217;autor; \u00e9s cocteleria; \u00e9s m\u00fasica; \u00e9s sofisticaci\u00f3; \u00e9s el teu punt de trobada. Un restaurant on podeu gaudir d&#8217;uns c\u00f2ctels o vins a les sis de la tarda; on et pots quedar a sopar i compartir platets d&#8217;autor i de temporada; i on podeu acabar la nit amb uns [&hellip;]<\/p>\n","protected":false},"author":1,"featured_media":0,"parent":0,"menu_order":0,"comment_status":"closed","ping_status":"closed","template":"","meta":{"_joinchat":[],"footnotes":""},"class_list":["post-761","page","type-page","status-publish","hentry"],"yoast_head":"<!-- This site is optimized with the Yoast SEO plugin v23.7 - https:\/\/yoast.com\/wordpress\/plugins\/seo\/ -->\n<title>Ajoblanco Restaurant - Ajoblanco<\/title>\n<meta name=\"robots\" content=\"index, follow, max-snippet:-1, max-image-preview:large, max-video-preview:-1\" \/>\n<link rel=\"canonical\" href=\"https:\/\/ajoblancorestaurant.com\/ca\/\" \/>\n<meta property=\"og:locale\" content=\"ca_ES\" \/>\n<meta property=\"og:type\" content=\"article\" \/>\n<meta property=\"og:title\" content=\"Ajoblanco Restaurant - Ajoblanco\" \/>\n<meta property=\"og:description\" content=\"Restaurant &amp; Cocteleria Ajoblanco \u00e9s cuina d&#8217;autor; \u00e9s cocteleria; \u00e9s m\u00fasica; \u00e9s sofisticaci\u00f3; \u00e9s el teu punt de trobada. Un restaurant on podeu gaudir d&#8217;uns c\u00f2ctels o vins a les sis de la tarda; on et pots quedar a sopar i compartir platets d&#8217;autor i de temporada; i on podeu acabar la nit amb uns [&hellip;]\" \/>\n<meta property=\"og:url\" content=\"https:\/\/ajoblancorestaurant.com\/ca\/\" \/>\n<meta property=\"og:site_name\" content=\"Ajoblanco\" \/>\n<meta property=\"article:modified_time\" content=\"2025-12-05T11:43:57+00:00\" \/>\n<meta name=\"twitter:card\" content=\"summary_large_image\" \/>\n<meta name=\"twitter:label1\" content=\"Temps estimat de lectura\" \/>\n\t<meta name=\"twitter:data1\" content=\"1 minut\" \/>\n<script type=\"application\/ld+json\" class=\"yoast-schema-graph\">{\"@context\":\"https:\/\/schema.org\",\"@graph\":[{\"@type\":\"WebPage\",\"@id\":\"https:\/\/ajoblancorestaurant.com\/ca\/\",\"url\":\"https:\/\/ajoblancorestaurant.com\/ca\/\",\"name\":\"Ajoblanco Restaurant - Ajoblanco\",\"isPartOf\":{\"@id\":\"https:\/\/ajoblancorestaurant.com\/#website\"},\"datePublished\":\"2021-11-25T19:25:41+00:00\",\"dateModified\":\"2025-12-05T11:43:57+00:00\",\"breadcrumb\":{\"@id\":\"https:\/\/ajoblancorestaurant.com\/ca\/#breadcrumb\"},\"inLanguage\":\"ca\",\"potentialAction\":[{\"@type\":\"ReadAction\",\"target\":[\"https:\/\/ajoblancorestaurant.com\/ca\/\"]}]},{\"@type\":\"BreadcrumbList\",\"@id\":\"https:\/\/ajoblancorestaurant.com\/ca\/#breadcrumb\",\"itemListElement\":[{\"@type\":\"ListItem\",\"position\":1,\"name\":\"Portada\",\"item\":\"https:\/\/ajoblancorestaurant.com\/ca\/\"},{\"@type\":\"ListItem\",\"position\":2,\"name\":\"Ajoblanco Restaurant\"}]},{\"@type\":\"WebSite\",\"@id\":\"https:\/\/ajoblancorestaurant.com\/#website\",\"url\":\"https:\/\/ajoblancorestaurant.com\/\",\"name\":\"Ajoblanco\",\"description\":\"Cocteler\u00eda &amp; Restaurante\",\"publisher\":{\"@id\":\"https:\/\/ajoblancorestaurant.com\/#organization\"},\"potentialAction\":[{\"@type\":\"SearchAction\",\"target\":{\"@type\":\"EntryPoint\",\"urlTemplate\":\"https:\/\/ajoblancorestaurant.com\/?s={search_term_string}\"},\"query-input\":{\"@type\":\"PropertyValueSpecification\",\"valueRequired\":true,\"valueName\":\"search_term_string\"}}],\"inLanguage\":\"ca\"},{\"@type\":\"Organization\",\"@id\":\"https:\/\/ajoblancorestaurant.com\/#organization\",\"name\":\"Ajoblanco Restaurant\",\"url\":\"https:\/\/ajoblancorestaurant.com\/\",\"logo\":{\"@type\":\"ImageObject\",\"inLanguage\":\"ca\",\"@id\":\"https:\/\/ajoblancorestaurant.com\/#\/schema\/logo\/image\/\",\"url\":\"https:\/\/ajoblancorestaurant.com\/wp-content\/uploads\/2026\/01\/Isotipo-Ajoblanco-A.jpg\",\"contentUrl\":\"https:\/\/ajoblancorestaurant.com\/wp-content\/uploads\/2026\/01\/Isotipo-Ajoblanco-A.jpg\",\"width\":512,\"height\":512,\"caption\":\"Ajoblanco Restaurant\"},\"image\":{\"@id\":\"https:\/\/ajoblancorestaurant.com\/#\/schema\/logo\/image\/\"}}]}<\/script>\n<!-- \/ Yoast SEO plugin. -->","yoast_head_json":{"title":"Ajoblanco Restaurant - Ajoblanco","robots":{"index":"index","follow":"follow","max-snippet":"max-snippet:-1","max-image-preview":"max-image-preview:large","max-video-preview":"max-video-preview:-1"},"canonical":"https:\/\/ajoblancorestaurant.com\/ca\/","og_locale":"ca_ES","og_type":"article","og_title":"Ajoblanco Restaurant - Ajoblanco","og_description":"Restaurant &amp; Cocteleria Ajoblanco \u00e9s cuina d&#8217;autor; \u00e9s cocteleria; \u00e9s m\u00fasica; \u00e9s sofisticaci\u00f3; \u00e9s el teu punt de trobada. Un restaurant on podeu gaudir d&#8217;uns c\u00f2ctels o vins a les sis de la tarda; on et pots quedar a sopar i compartir platets d&#8217;autor i de temporada; i on podeu acabar la nit amb uns [&hellip;]","og_url":"https:\/\/ajoblancorestaurant.com\/ca\/","og_site_name":"Ajoblanco","article_modified_time":"2025-12-05T11:43:57+00:00","twitter_card":"summary_large_image","twitter_misc":{"Temps estimat de lectura":"1 minut"},"schema":{"@context":"https:\/\/schema.org","@graph":[{"@type":"WebPage","@id":"https:\/\/ajoblancorestaurant.com\/ca\/","url":"https:\/\/ajoblancorestaurant.com\/ca\/","name":"Ajoblanco Restaurant - Ajoblanco","isPartOf":{"@id":"https:\/\/ajoblancorestaurant.com\/#website"},"datePublished":"2021-11-25T19:25:41+00:00","dateModified":"2025-12-05T11:43:57+00:00","breadcrumb":{"@id":"https:\/\/ajoblancorestaurant.com\/ca\/#breadcrumb"},"inLanguage":"ca","potentialAction":[{"@type":"ReadAction","target":["https:\/\/ajoblancorestaurant.com\/ca\/"]}]},{"@type":"BreadcrumbList","@id":"https:\/\/ajoblancorestaurant.com\/ca\/#breadcrumb","itemListElement":[{"@type":"ListItem","position":1,"name":"Portada","item":"https:\/\/ajoblancorestaurant.com\/ca\/"},{"@type":"ListItem","position":2,"name":"Ajoblanco Restaurant"}]},{"@type":"WebSite","@id":"https:\/\/ajoblancorestaurant.com\/#website","url":"https:\/\/ajoblancorestaurant.com\/","name":"Ajoblanco","description":"Cocteler\u00eda &amp; Restaurante","publisher":{"@id":"https:\/\/ajoblancorestaurant.com\/#organization"},"potentialAction":[{"@type":"SearchAction","target":{"@type":"EntryPoint","urlTemplate":"https:\/\/ajoblancorestaurant.com\/?s={search_term_string}"},"query-input":{"@type":"PropertyValueSpecification","valueRequired":true,"valueName":"search_term_string"}}],"inLanguage":"ca"},{"@type":"Organization","@id":"https:\/\/ajoblancorestaurant.com\/#organization","name":"Ajoblanco Restaurant","url":"https:\/\/ajoblancorestaurant.com\/","logo":{"@type":"ImageObject","inLanguage":"ca","@id":"https:\/\/ajoblancorestaurant.com\/#\/schema\/logo\/image\/","url":"https:\/\/ajoblancorestaurant.com\/wp-content\/uploads\/2026\/01\/Isotipo-Ajoblanco-A.jpg","contentUrl":"https:\/\/ajoblancorestaurant.com\/wp-content\/uploads\/2026\/01\/Isotipo-Ajoblanco-A.jpg","width":512,"height":512,"caption":"Ajoblanco Restaurant"},"image":{"@id":"https:\/\/ajoblancorestaurant.com\/#\/schema\/logo\/image\/"}}]}},"_links":{"self":[{"href":"https:\/\/ajoblancorestaurant.com\/ca\/wp-json\/wp\/v2\/pages\/761","targetHints":{"allow":["GET"]}}],"collection":[{"href":"https:\/\/ajoblancorestaurant.com\/ca\/wp-json\/wp\/v2\/pages"}],"about":[{"href":"https:\/\/ajoblancorestaurant.com\/ca\/wp-json\/wp\/v2\/types\/page"}],"author":[{"embeddable":true,"href":"https:\/\/ajoblancorestaurant.com\/ca\/wp-json\/wp\/v2\/users\/1"}],"replies":[{"embeddable":true,"href":"https:\/\/ajoblancorestaurant.com\/ca\/wp-json\/wp\/v2\/comments?post=761"}],"version-history":[{"count":1,"href":"https:\/\/ajoblancorestaurant.com\/ca\/wp-json\/wp\/v2\/pages\/761\/revisions"}],"predecessor-version":[{"id":2864,"href":"https:\/\/ajoblancorestaurant.com\/ca\/wp-json\/wp\/v2\/pages\/761\/revisions\/2864"}],"wp:attachment":[{"href":"https:\/\/ajoblancorestaurant.com\/ca\/wp-json\/wp\/v2\/media?parent=761"}],"curies":[{"name":"wp","href":"https:\/\/api.w.org\/{rel}","templated":true}]}}